{"id":28,"date":"2022-07-19T11:33:22","date_gmt":"2022-07-19T09:33:22","guid":{"rendered":"https:\/\/protexhealthcarenl.hosting-cluster.nl\/?page_id=28"},"modified":"2025-01-13T11:48:48","modified_gmt":"2025-01-13T10:48:48","slug":"produtos","status":"publish","type":"page","link":"https:\/\/protexhealthcare.com\/pt\/produtos\/","title":{"rendered":"Produtos"},"content":{"rendered":"\n\t<section class=\"section\" id=\"section_951821511\">\n\t\t<div class=\"section-bg fill\" >\n\t\t\t\t\t\t\t\t\t\n\t\t\t\n\n\t\t<\/div>\n\n\t\t\n\n\t\t<div class=\"section-content relative\">\n\t\t\t\n<div class=\"row align-center\"  id=\"row-2097304788\">\n\n\t<div id=\"col-853162956\" class=\"col medium-12 large-10\"  >\n\t\t\t\t<div class=\"col-inner\"  >\n\t\t\t\n\t\t\t\n\t<div id=\"gap-1251819907\" class=\"gap-element clearfix\" style=\"display:block; height:auto;\">\n\t\t\n<style>\n#gap-1251819907 {\n  padding-top: 20px;\n}\n@media (min-width:850px) {\n  #gap-1251819907 {\n    padding-top: 80px;\n  }\n}\n<\/style>\n\t<\/div>\n\t\n<div id=\"broodkruimels\" class=\"\"><span><span><a href=\"https:\/\/protexhealthcare.com\/pt\/\">Home<\/a><\/span><\/span><\/div>\n\t\t<\/div>\n\t\t\t\t\t<\/div>\n\n\t\n<\/div>\n\t\t<\/div>\n\n\t\t\n<style>\n#section_951821511 {\n  padding-top: 0px;\n  padding-bottom: 0px;\n}\n<\/style>\n\t<\/section>\n\t\n\t<div id=\"gap-628753186\" class=\"gap-element clearfix\" style=\"display:block; height:auto;\">\n\t\t\n<style>\n#gap-628753186 {\n  padding-top: 30px;\n}\n<\/style>\n\t<\/div>\n\t\n\n\t<section class=\"section\" id=\"section_203156586\">\n\t\t<div class=\"section-bg fill\" >\n\t\t\t\t\t\t\t\t\t\n\t\t\t\n\n\t\t<\/div>\n\n\t\t\n\n\t\t<div class=\"section-content relative\">\n\t\t\t\n\n<p><div class=\"vlak full\" style=\"width: 100vw; height: 100%; top: auto; right: auto; bottom: auto; left: auto;\"><div class=\"vlak-overlay show-for-xl lichtgrijs\"><\/div><div class=\"vlak-bg\" style=\"background-image: url(); opacity: 1; mix-blend-mode: normal;\"><\/div><\/div><\/p>\n\t<div id=\"gap-689910927\" class=\"gap-element clearfix\" style=\"display:block; height:auto;\">\n\t\t\n<style>\n#gap-689910927 {\n  padding-top: 80px;\n}\n<\/style>\n\t<\/div>\n\t\n\n<div class=\"row align-equal align-center\"  id=\"row-1391607557\">\n\n\n\t<div id=\"col-1778110803\" class=\"col medium-12 large-10\"  >\n\t\t\t\t<div class=\"col-inner\"  >\n\t\t\t\n\t\t\t\n\n<h3 class=\"h2 underline\">Descubra nossa linha de produtos<span class=\"red\">.<\/span><\/h3>\n<p>A Protex Healthcare oferece uma gama de produtos avan\u00e7ados e inovadores para a cicatriza\u00e7\u00e3o e fechamento de feridas complexas.<\/p>\n\n\t\t<\/div>\n\t\t\t\t\t<\/div>\n\n\t\n\n\t<div id=\"col-537850909\" class=\"col medium-12 large-10\"  >\n\t\t\t\t<div class=\"col-inner\"  >\n\t\t\t\n\t\t\t\n\n<div class=\"row row-large align-equal\"  id=\"row-1769704422\">\n\n\n\t<div id=\"col-1014870202\" class=\"col productbox bg-donkerblauw medium-12 large-6\"  >\n\t\t\t\t<div class=\"col-inner\"  >\n\t\t\t\n\t\t\t\n\n\t<div class=\"box has-hover   has-hover box-text-bottom\" >\n\n\t\t<div class=\"box-image\" >\n\t\t\t<a href=\"\/pt\/products\/vacutex\/\" >\t\t\t<div class=\"image-cover\" style=\"padding-top:75%;\">\n\t\t\t\t<img loading=\"lazy\" decoding=\"async\" width=\"419\" height=\"314\" src=\"https:\/\/protexhealthcare.com\/pt\/wp-content\/uploads\/sites\/17\/vacutex-packaging.png\" class=\"attachment- size-\" alt=\"\" \/>\t\t\t\t\t\t\t\t\t\t\t<\/div>\n\t\t\t<\/a>\t\t<\/div>\n\n\t\t<div class=\"box-text text-left\" >\n\t\t\t<div class=\"box-text-inner\">\n\t\t\t\t\n\n<h4 class=\"no margin\">VACUTEX\u2122<\/h4>\n<p>A solu\u00e7\u00e3o 3 em 1 para feridas de dif\u00edcil cicatriza\u00e7\u00e3o.<\/p>\n\t<div id=\"gap-421398836\" class=\"gap-element clearfix button-gap\" style=\"display:block; height:auto;\">\n\t\t\n<style>\n#gap-421398836 {\n  padding-top: 1em;\n}\n<\/style>\n\t<\/div>\n\t\n\n\n\t\t\t<\/div>\n\t\t<\/div>\n\t<\/div>\n\t\n\t<div id=\"stack-1636530436\" class=\"stack bottom-align stack-row justify-between items-stretch\">\n\t\t\n\n<a href=\"\/pt\/products\/vacutex\/\" class=\"button primary is-link lowercase\" >\n\t\t<span>Saiba mais<\/span>\n\t<i class=\"icon-angle-right\" aria-hidden=\"true\"><\/i><\/a>\n\n\n\n\t\t\n<style>\n#stack-1636530436 > * {\n  --stack-gap: 0rem;\n}\n<\/style>\n\t<\/div>\n\t\n\n\t\t<\/div>\n\t\t\t\t\t<\/div>\n\n\t\n\n\t<div id=\"col-2074172036\" class=\"col productbox bg-geel medium-12 large-6\"  >\n\t\t\t\t<div class=\"col-inner\"  >\n\t\t\t\n\t\t\t\n\n\t<div class=\"box has-hover product-img-push  has-hover box-text-bottom\" >\n\n\t\t<div class=\"box-image\" >\n\t\t\t<a href=\"\/pt\/products\/cleanwnd\/\" >\t\t\t<div class=\"image-cover\" style=\"padding-top:75%;\">\n\t\t\t\t<img loading=\"lazy\" decoding=\"async\" width=\"1440\" height=\"1080\" src=\"https:\/\/protexhealthcare.com\/pt\/wp-content\/uploads\/sites\/17\/CleanWND-package-1.png\" class=\"attachment- size-\" alt=\"\" srcset=\"https:\/\/protexhealthcare.com\/pt\/wp-content\/uploads\/sites\/17\/CleanWND-package-1.png 1440w, https:\/\/protexhealthcare.com\/pt\/wp-content\/uploads\/sites\/17\/CleanWND-package-1-900x675.png 900w, https:\/\/protexhealthcare.com\/pt\/wp-content\/uploads\/sites\/17\/CleanWND-package-1-450x338.png 450w, https:\/\/protexhealthcare.com\/pt\/wp-content\/uploads\/sites\/17\/CleanWND-package-1-768x576.png 768w\" sizes=\"auto, (max-width: 1440px) 100vw, 1440px\" \/>\t\t\t\t\t\t\t\t\t\t\t<\/div>\n\t\t\t<\/a>\t\t<\/div>\n\n\t\t<div class=\"box-text text-left\" >\n\t\t\t<div class=\"box-text-inner\">\n\t\t\t\t\n\n<h4 class=\"no margin\">CleanWND\u00ae<\/h4>\n<p>Panos prontos para uso para desbridamento e limpeza f\u00e1cil da ferida e do ambiente ao redor.<\/p>\n\t<div id=\"gap-967737471\" class=\"gap-element clearfix button-gap\" style=\"display:block; height:auto;\">\n\t\t\n<style>\n#gap-967737471 {\n  padding-top: 1em;\n}\n<\/style>\n\t<\/div>\n\t\n\n\n\t\t\t<\/div>\n\t\t<\/div>\n\t<\/div>\n\t\n\t<div id=\"stack-3849744598\" class=\"stack bottom-align stack-row justify-between items-stretch\">\n\t\t\n\n<a href=\"\/pt\/products\/cleanwnd\/\" class=\"button primary is-link lowercase\" >\n\t\t<span>Saiba mais<\/span>\n\t<i class=\"icon-angle-right\" aria-hidden=\"true\"><\/i><\/a>\n\n\n\n\t\t\n<style>\n#stack-3849744598 > * {\n  --stack-gap: 0rem;\n}\n<\/style>\n\t<\/div>\n\t\n\n\t\t<\/div>\n\t\t\t\t\t<\/div>\n\n\t\n\n\t<div id=\"col-1391036740\" class=\"col productbox bg-lichtblauw medium-12 large-6\"  >\n\t\t\t\t<div class=\"col-inner\"  >\n\t\t\t\n\t\t\t\n\n\t<div class=\"box has-hover   has-hover box-text-bottom\" >\n\n\t\t<div class=\"box-image\" style=\"width:70%;\">\n\t\t\t<a href=\"\/pt\/products\/multidex\/\" >\t\t\t<div class=\"image-cover\" style=\"padding-top:100%;\">\n\t\t\t\t<img loading=\"lazy\" decoding=\"async\" width=\"1020\" height=\"573\" src=\"https:\/\/protexhealthcare.com\/pt\/wp-content\/uploads\/sites\/17\/Multidex_01_19_6.png\" class=\"attachment-large size-large\" alt=\"\" srcset=\"https:\/\/protexhealthcare.com\/pt\/wp-content\/uploads\/sites\/17\/Multidex_01_19_6.png 1240w, https:\/\/protexhealthcare.com\/pt\/wp-content\/uploads\/sites\/17\/Multidex_01_19_6-900x506.png 900w, https:\/\/protexhealthcare.com\/pt\/wp-content\/uploads\/sites\/17\/Multidex_01_19_6-450x253.png 450w, https:\/\/protexhealthcare.com\/pt\/wp-content\/uploads\/sites\/17\/Multidex_01_19_6-768x432.png 768w\" sizes=\"auto, (max-width: 1020px) 100vw, 1020px\" \/>\t\t\t\t\t\t\t\t\t\t\t<\/div>\n\t\t\t<\/a>\t\t<\/div>\n\n\t\t<div class=\"box-text text-left\" >\n\t\t\t<div class=\"box-text-inner\">\n\t\t\t\t\n\n<h4 class=\"no margin\">Multidex\u00ae<\/h4>\n<p>Um curativo em forma de gel ou p\u00f3, \u00e0 base de Maltodextrina e Vitamina C, para o tratamento de feridas complexas.<\/p>\n<p>\u00a0<\/p>\n\t<div id=\"gap-588898133\" class=\"gap-element clearfix button-gap\" style=\"display:block; height:auto;\">\n\t\t\n<style>\n#gap-588898133 {\n  padding-top: 1em;\n}\n<\/style>\n\t<\/div>\n\t\n\n\n\t\t\t<\/div>\n\t\t<\/div>\n\t<\/div>\n\t\n\t<div id=\"stack-1009400413\" class=\"stack bottom-align stack-row justify-between items-stretch\">\n\t\t\n\n<a href=\"\/pt\/products\/multidex\/\" class=\"button primary is-link lowercase\" >\n\t\t<span>Saiba mais<\/span>\n\t<i class=\"icon-angle-right\" aria-hidden=\"true\"><\/i><\/a>\n\n\n\n\t\t\n<style>\n#stack-1009400413 > * {\n  --stack-gap: 0rem;\n}\n<\/style>\n\t<\/div>\n\t\n\n\t\t<\/div>\n\t\t\t\t\t<\/div>\n\n\t\n\n\t<div id=\"col-25029267\" class=\"col productbox bg-groen medium-12 large-6\"  >\n\t\t\t\t<div class=\"col-inner\"  >\n\t\t\t\n\t\t\t\n\n\t<div class=\"box has-hover   has-hover box-text-bottom\" >\n\n\t\t<div class=\"box-image\" style=\"width:50%;\">\n\t\t\t<a href=\"\/pt\/products\/tivita\/\" >\t\t\t<div class=\"\" >\n\t\t\t\t<img loading=\"lazy\" decoding=\"async\" width=\"474\" height=\"660\" src=\"https:\/\/protexhealthcare.com\/pt\/wp-content\/uploads\/sites\/17\/210528_Ergotron-links2_ohne-Griff_alpha.jpg\" class=\"attachment-large size-large\" alt=\"\" srcset=\"https:\/\/protexhealthcare.com\/pt\/wp-content\/uploads\/sites\/17\/210528_Ergotron-links2_ohne-Griff_alpha.jpg 474w, https:\/\/protexhealthcare.com\/pt\/wp-content\/uploads\/sites\/17\/210528_Ergotron-links2_ohne-Griff_alpha-323x450.jpg 323w\" sizes=\"auto, (max-width: 474px) 100vw, 474px\" \/>\t\t\t\t\t\t\t\t\t\t\t<\/div>\n\t\t\t<\/a>\t\t<\/div>\n\n\t\t<div class=\"box-text text-left\" >\n\t\t\t<div class=\"box-text-inner\">\n\t\t\t\t\n\n<h4 class=\"no margin\">TIVITA\u00ae<\/h4>\n<p>O sistema de c\u00e2mera hiperespectral que torna o invis\u00edvel vis\u00edvel.<\/p>\n\t<div id=\"gap-1400173245\" class=\"gap-element clearfix button-gap\" style=\"display:block; height:auto;\">\n\t\t\n<style>\n#gap-1400173245 {\n  padding-top: 1em;\n}\n<\/style>\n\t<\/div>\n\t\n\n\n\t\t\t<\/div>\n\t\t<\/div>\n\t<\/div>\n\t\n\t<div id=\"stack-995099000\" class=\"stack bottom-align stack-row justify-between items-stretch\">\n\t\t\n\n<a href=\"\/pt\/products\/tivita\/\" class=\"button primary is-link lowercase\" >\n\t\t<span>Saiba mais<\/span>\n\t<i class=\"icon-angle-right\" aria-hidden=\"true\"><\/i><\/a>\n\n\n\n\t\t\n<style>\n#stack-995099000 > * {\n  --stack-gap: 0rem;\n}\n<\/style>\n\t<\/div>\n\t\n\n\t\t<\/div>\n\t\t\t\t\t<\/div>\n\n\t\n\n\t<div id=\"col-204040872\" class=\"col productbox bg-blauwgroen medium-12 large-6\"  >\n\t\t\t\t<div class=\"col-inner\"  >\n\t\t\t\n\t\t\t\n\n\t<div class=\"box has-hover   has-hover box-text-bottom\" >\n\n\t\t<div class=\"box-image\" style=\"width:71%;\">\n\t\t\t<a href=\"\/pt\/products\/kytocel\/\" >\t\t\t<div class=\"\" >\n\t\t\t\t<img loading=\"lazy\" decoding=\"async\" width=\"1020\" height=\"765\" src=\"https:\/\/protexhealthcare.com\/pt\/wp-content\/uploads\/sites\/17\/KytoCel-verpakkingen-1.png\" class=\"attachment-large size-large\" alt=\"\" srcset=\"https:\/\/protexhealthcare.com\/pt\/wp-content\/uploads\/sites\/17\/KytoCel-verpakkingen-1.png 1331w, https:\/\/protexhealthcare.com\/pt\/wp-content\/uploads\/sites\/17\/KytoCel-verpakkingen-1-900x675.png 900w, https:\/\/protexhealthcare.com\/pt\/wp-content\/uploads\/sites\/17\/KytoCel-verpakkingen-1-450x337.png 450w, https:\/\/protexhealthcare.com\/pt\/wp-content\/uploads\/sites\/17\/KytoCel-verpakkingen-1-768x576.png 768w\" sizes=\"auto, (max-width: 1020px) 100vw, 1020px\" \/>\t\t\t\t\t\t\t\t\t\t\t<\/div>\n\t\t\t<\/a>\t\t<\/div>\n\n\t\t<div class=\"box-text text-left\" >\n\t\t\t<div class=\"box-text-inner\">\n\t\t\t\t\n\n<h4 class=\"no margin\">KytoCel\u00ae<\/h4>\n<div>\n<p>KytoCel\u00ae \u00e9 um curativo altamente absorvente, antimicrobiano, com propriedades hemost\u00e1ticas, analg\u00e9sicas e de melhoria de cicatrizes.<\/p>\n<\/div>\n\t<div id=\"gap-31535975\" class=\"gap-element clearfix button-gap\" style=\"display:block; height:auto;\">\n\t\t\n<style>\n#gap-31535975 {\n  padding-top: 1em;\n}\n<\/style>\n\t<\/div>\n\t\n\n\n\t\t\t<\/div>\n\t\t<\/div>\n\t<\/div>\n\t\n\t<div id=\"stack-3199653750\" class=\"stack bottom-align stack-row justify-between items-stretch\">\n\t\t\n\n<a href=\"\/pt\/products\/kytocel\/\" class=\"button primary is-link lowercase\" >\n\t\t<span>Saiba mais<\/span>\n\t<i class=\"icon-angle-right\" aria-hidden=\"true\"><\/i><\/a>\n\n\n\n\t\t\n<style>\n#stack-3199653750 > * {\n  --stack-gap: 0rem;\n}\n<\/style>\n\t<\/div>\n\t\n\n\t\t<\/div>\n\t\t\t\t\t<\/div>\n\n\t\n\n<\/div>\n\t<div id=\"gap-1815240954\" class=\"gap-element clearfix hide-for-small\" style=\"display:block; height:auto;\">\n\t\t\n<style>\n#gap-1815240954 {\n  padding-top: 40px;\n}\n<\/style>\n\t<\/div>\n\t\n\n\n\t\t<\/div>\n\t\t\t\t\n<style>\n#col-537850909 > .col-inner {\n  padding: 0px 15px 0px 0px;\n}\n<\/style>\n\t<\/div>\n\n\t\n\n<\/div>\n<div class=\"row align-center\"  id=\"row-387116932\">\n\n\n\t<div id=\"col-81401681\" class=\"col bg-blauw afgerond schaduw medium-12 large-10\"  >\n\t\t\t\t<div class=\"col-inner\"  >\n\t\t\t\n\t\t\t\n\n<div class=\"row align-middle\"  id=\"row-2000054183\">\n\n\n\t<div id=\"col-89049882\" class=\"col medium-12 large-4\"  >\n\t\t\t\t<div class=\"col-inner dark\"  >\n\t\t\t\n\t\t\t\n\n<h5 class=\"h2 underline bg-red\"><strong>Pacote de amostras<span class=\"red\">.<\/span><\/strong><\/h5>\n<p>Gostaria de mais informa\u00e7\u00f5es sobre os produtos da Protex Healthcare? Solicite seu pacote de amostras aqui.<\/p>\n<a href=\"\/pt\/sample-package-2\/\" class=\"button white is-large lowercase\" style=\"border-radius:20px;\">\n\t\t<span>Solicitar<\/span>\n\t<i class=\"icon-angle-right\" aria-hidden=\"true\"><\/i><\/a>\n\n\n\t<div id=\"gap-464298404\" class=\"gap-element clearfix hide-for-small\" style=\"display:block; height:auto;\">\n\t\t\n<style>\n#gap-464298404 {\n  padding-top: 30px;\n}\n<\/style>\n\t<\/div>\n\t\n\n\n\t\t<\/div>\n\t\t\t\t\t<\/div>\n\n\t\n\n\t<div id=\"col-145739649\" class=\"col bg-wit afgerond schaduw medium-12 large-8\"  >\n\t\t\t\t<div class=\"col-inner\"  >\n\t\t\t\n\t\t\t\n\n<div class=\"is-divider divider clearfix\" style=\"margin-top:10px;margin-bottom:10px;max-width:0px;height:0px;\"><\/div>\n\n\t<div class=\"img has-hover x md-x lg-x y md-y lg-y\" id=\"image_915292740\">\n\t\t\t\t\t\t\t\t<div class=\"img-inner dark\" >\n\t\t\t<img loading=\"lazy\" decoding=\"async\" width=\"1020\" height=\"453\" src=\"https:\/\/protexhealthcare.com\/pt\/wp-content\/uploads\/sites\/17\/Mask-Group-57.jpg\" class=\"attachment-large size-large\" alt=\"\" srcset=\"https:\/\/protexhealthcare.com\/pt\/wp-content\/uploads\/sites\/17\/Mask-Group-57.jpg 1243w, https:\/\/protexhealthcare.com\/pt\/wp-content\/uploads\/sites\/17\/Mask-Group-57-900x400.jpg 900w, https:\/\/protexhealthcare.com\/pt\/wp-content\/uploads\/sites\/17\/Mask-Group-57-450x200.jpg 450w, https:\/\/protexhealthcare.com\/pt\/wp-content\/uploads\/sites\/17\/Mask-Group-57-768x341.jpg 768w\" sizes=\"auto, (max-width: 1020px) 100vw, 1020px\" \/>\t\t\t\t\t\t\n\t\t\t\t\t<\/div>\n\t\t\t\t\t\t\t\t\n<style>\n#image_915292740 {\n  width: 96%;\n}\n<\/style>\n\t<\/div>\n\t\n\n\n\t\t<\/div>\n\t\t\t\t\t<\/div>\n\n\t\n\n<\/div>\n\n\t\t<\/div>\n\t\t\t\t\n<style>\n#col-81401681 > .col-inner {\n  padding: 18px 18px 18px 32px;\n}\n<\/style>\n\t<\/div>\n\n\t\n\n<\/div>\n\t<div id=\"gap-1087424281\" class=\"gap-element clearfix\" style=\"display:block; height:auto;\">\n\t\t\n<style>\n#gap-1087424281 {\n  padding-top: 80px;\n}\n<\/style>\n\t<\/div>\n\t\n\n\n\t\t<\/div>\n\n\t\t\n<style>\n#section_203156586 {\n  padding-top: 0px;\n  padding-bottom: 0px;\n}\n<\/style>\n\t<\/section>\n\t\n","protected":false},"excerpt":{"rendered":"","protected":false},"author":1,"featured_media":0,"parent":0,"menu_order":200,"comment_status":"closed","ping_status":"closed","template":"page-blank.php","meta":{"footnotes":""},"tags":[],"class_list":["post-28","page","type-page","status-publish","hentry"],"yoast_head":"<!-- This site is optimized with the Yoast SEO plugin v27.3 - https:\/\/yoast.com\/product\/yoast-seo-wordpress\/ -->\n<title>Produtos - Portugees<\/title>\n<meta name=\"robots\" content=\"index, follow, max-snippet:-1, max-image-preview:large, max-video-preview:-1\" \/>\n<link rel=\"canonical\" href=\"https:\/\/protexhealthcare.com\/pt\/produtos\/\" \/>\n<meta property=\"og:locale\" content=\"en_US\" \/>\n<meta property=\"og:type\" content=\"article\" \/>\n<meta property=\"og:title\" content=\"Produtos - Portugees\" \/>\n<meta property=\"og:url\" content=\"https:\/\/protexhealthcare.com\/pt\/produtos\/\" \/>\n<meta property=\"og:site_name\" content=\"Portugees\" \/>\n<meta property=\"article:modified_time\" content=\"2025-01-13T10:48:48+00:00\" \/>\n<meta name=\"twitter:card\" content=\"summary_large_image\" \/>\n<meta name=\"twitter:label1\" content=\"Est. reading time\" \/>\n\t<meta name=\"twitter:data1\" content=\"1 minute\" \/>\n<script type=\"application\/ld+json\" class=\"yoast-schema-graph\">{\"@context\":\"https:\\\/\\\/schema.org\",\"@graph\":[{\"@type\":\"WebPage\",\"@id\":\"https:\\\/\\\/protexhealthcare.com\\\/pt\\\/produtos\\\/\",\"url\":\"https:\\\/\\\/protexhealthcare.com\\\/pt\\\/produtos\\\/\",\"name\":\"Produtos - Portugees\",\"isPartOf\":{\"@id\":\"https:\\\/\\\/protexhealthcare.com\\\/pt\\\/#website\"},\"datePublished\":\"2022-07-19T09:33:22+00:00\",\"dateModified\":\"2025-01-13T10:48:48+00:00\",\"breadcrumb\":{\"@id\":\"https:\\\/\\\/protexhealthcare.com\\\/pt\\\/produtos\\\/#breadcrumb\"},\"inLanguage\":\"en-US\",\"potentialAction\":[{\"@type\":\"ReadAction\",\"target\":[\"https:\\\/\\\/protexhealthcare.com\\\/pt\\\/produtos\\\/\"]}]},{\"@type\":\"BreadcrumbList\",\"@id\":\"https:\\\/\\\/protexhealthcare.com\\\/pt\\\/produtos\\\/#breadcrumb\",\"itemListElement\":[{\"@type\":\"ListItem\",\"position\":1,\"name\":\"Home\",\"item\":\"https:\\\/\\\/protexhealthcare.com\\\/pt\\\/\"},{\"@type\":\"ListItem\",\"position\":2,\"name\":\"Produtos\"}]},{\"@type\":\"WebSite\",\"@id\":\"https:\\\/\\\/protexhealthcare.com\\\/pt\\\/#website\",\"url\":\"https:\\\/\\\/protexhealthcare.com\\\/pt\\\/\",\"name\":\"Portugees\",\"description\":\"Dedicated to heal complex wounds\",\"potentialAction\":[{\"@type\":\"SearchAction\",\"target\":{\"@type\":\"EntryPoint\",\"urlTemplate\":\"https:\\\/\\\/protexhealthcare.com\\\/pt\\\/?s={search_term_string}\"},\"query-input\":{\"@type\":\"PropertyValueSpecification\",\"valueRequired\":true,\"valueName\":\"search_term_string\"}}],\"inLanguage\":\"en-US\"}]}<\/script>\n<!-- \/ Yoast SEO plugin. -->","yoast_head_json":{"title":"Produtos - Portugees","robots":{"index":"index","follow":"follow","max-snippet":"max-snippet:-1","max-image-preview":"max-image-preview:large","max-video-preview":"max-video-preview:-1"},"canonical":"https:\/\/protexhealthcare.com\/pt\/produtos\/","og_locale":"en_US","og_type":"article","og_title":"Produtos - Portugees","og_url":"https:\/\/protexhealthcare.com\/pt\/produtos\/","og_site_name":"Portugees","article_modified_time":"2025-01-13T10:48:48+00:00","twitter_card":"summary_large_image","twitter_misc":{"Est. reading time":"1 minute"},"schema":{"@context":"https:\/\/schema.org","@graph":[{"@type":"WebPage","@id":"https:\/\/protexhealthcare.com\/pt\/produtos\/","url":"https:\/\/protexhealthcare.com\/pt\/produtos\/","name":"Produtos - Portugees","isPartOf":{"@id":"https:\/\/protexhealthcare.com\/pt\/#website"},"datePublished":"2022-07-19T09:33:22+00:00","dateModified":"2025-01-13T10:48:48+00:00","breadcrumb":{"@id":"https:\/\/protexhealthcare.com\/pt\/produtos\/#breadcrumb"},"inLanguage":"en-US","potentialAction":[{"@type":"ReadAction","target":["https:\/\/protexhealthcare.com\/pt\/produtos\/"]}]},{"@type":"BreadcrumbList","@id":"https:\/\/protexhealthcare.com\/pt\/produtos\/#breadcrumb","itemListElement":[{"@type":"ListItem","position":1,"name":"Home","item":"https:\/\/protexhealthcare.com\/pt\/"},{"@type":"ListItem","position":2,"name":"Produtos"}]},{"@type":"WebSite","@id":"https:\/\/protexhealthcare.com\/pt\/#website","url":"https:\/\/protexhealthcare.com\/pt\/","name":"Portugees","description":"Dedicated to heal complex wounds","potentialAction":[{"@type":"SearchAction","target":{"@type":"EntryPoint","urlTemplate":"https:\/\/protexhealthcare.com\/pt\/?s={search_term_string}"},"query-input":{"@type":"PropertyValueSpecification","valueRequired":true,"valueName":"search_term_string"}}],"inLanguage":"en-US"}]}},"_links":{"self":[{"href":"https:\/\/protexhealthcare.com\/pt\/wp-json\/wp\/v2\/pages\/28","targetHints":{"allow":["GET"]}}],"collection":[{"href":"https:\/\/protexhealthcare.com\/pt\/wp-json\/wp\/v2\/pages"}],"about":[{"href":"https:\/\/protexhealthcare.com\/pt\/wp-json\/wp\/v2\/types\/page"}],"author":[{"embeddable":true,"href":"https:\/\/protexhealthcare.com\/pt\/wp-json\/wp\/v2\/users\/1"}],"replies":[{"embeddable":true,"href":"https:\/\/protexhealthcare.com\/pt\/wp-json\/wp\/v2\/comments?post=28"}],"version-history":[{"count":86,"href":"https:\/\/protexhealthcare.com\/pt\/wp-json\/wp\/v2\/pages\/28\/revisions"}],"predecessor-version":[{"id":2647,"href":"https:\/\/protexhealthcare.com\/pt\/wp-json\/wp\/v2\/pages\/28\/revisions\/2647"}],"wp:attachment":[{"href":"https:\/\/protexhealthcare.com\/pt\/wp-json\/wp\/v2\/media?parent=28"}],"wp:term":[{"taxonomy":"post_tag","embeddable":true,"href":"https:\/\/protexhealthcare.com\/pt\/wp-json\/wp\/v2\/tags?post=28"}],"curies":[{"name":"wp","href":"https:\/\/api.w.org\/{rel}","templated":true}]}}